{"id":1424,"date":"2025-10-10T19:19:38","date_gmt":"2025-10-10T17:19:38","guid":{"rendered":"https:\/\/test.rudeboyrecords.net\/abc\/?page_id=1424"},"modified":"2026-02-16T08:44:23","modified_gmt":"2026-02-16T07:44:23","slug":"hombu-dojo","status":"publish","type":"page","link":"https:\/\/dhammika-karatedo.com\/de\/dhammika-ha\/hombu-dojo\/","title":{"rendered":"Hombu Dojo"},"content":{"rendered":"<style>.kb-row-layout-wrap.wp-block-kadence-rowlayout.kb-row-layout-id1424_8adbb5-bc{margin-top:0px;margin-bottom:0px;}.kb-row-layout-id1424_8adbb5-bc > .kt-row-column-wrap{align-content:start;}:where(.kb-row-layout-id1424_8adbb5-bc > .kt-row-column-wrap) > .wp-block-kadence-column{justify-content:start;}.kb-row-layout-id1424_8adbb5-bc > .kt-row-column-wrap{column-gap:var(--global-kb-gap-none, 0rem );row-gap:var(--global-kb-gap-none, 0rem );max-width:1242px;margin-left:auto;margin-right:auto;padding-top:120px;padding-right:0px;padding-bottom:0px;padding-left:0px;grid-template-columns:minmax(0, 1fr);}.kb-row-layout-id1424_8adbb5-bc > .kt-row-layout-overlay{opacity:0.40;background-image:url('https:\/\/stage.startertemplatecloud.com\/e10\/wp-content\/uploads\/sites\/5\/2021\/01\/bg_01.png');background-size:auto;background-position:center center;background-attachment:scroll;background-repeat:no-repeat;mix-blend-mode:multiply;}@media all and (max-width: 1024px){.kb-row-layout-id1424_8adbb5-bc > .kt-row-column-wrap{padding-top:60px;padding-right:100px;padding-bottom:0px;padding-left:100px;grid-template-columns:minmax(0, 1fr);}}@media all and (max-width: 767px){.kb-row-layout-id1424_8adbb5-bc > .kt-row-column-wrap{padding-right:20px;padding-left:20px;grid-template-columns:minmax(0, 1fr);}}<\/style><div class=\"kb-row-layout-wrap kb-row-layout-id1424_8adbb5-bc alignnone has-theme-palette9-background-color kt-row-has-bg wp-block-kadence-rowlayout\"><div class=\"kt-row-layout-overlay kt-row-overlay-normal\"><\/div><div class=\"kt-row-column-wrap kt-has-1-columns kt-row-layout-equal kt-tab-layout-inherit kt-mobile-layout-row kt-row-valign-top\">\n<style>.kadence-column1424_f1299b-a8 > .kt-inside-inner-col{padding-top:10px;padding-right:10px;padding-bottom:10px;padding-left:10px;}.kadence-column1424_f1299b-a8 > .kt-inside-inner-col,.kadence-column1424_f1299b-a8 > .kt-inside-inner-col:before{border-top-left-radius:0px;border-top-right-radius:0px;border-bottom-right-radius:0px;border-bottom-left-radius:0px;}.kadence-column1424_f1299b-a8 > .kt-inside-inner-col{column-gap:var(--global-kb-gap-sm, 1rem);}.kadence-column1424_f1299b-a8 > .kt-inside-inner-col{flex-direction:column;}.kadence-column1424_f1299b-a8 > .kt-inside-inner-col > .aligncenter{width:100%;}.kadence-column1424_f1299b-a8 > .kt-inside-inner-col:before{opacity:0.3;}.kadence-column1424_f1299b-a8{position:relative;}@media all and (max-width: 1024px){.kadence-column1424_f1299b-a8 > .kt-inside-inner-col{flex-direction:column;justify-content:center;}}@media all and (max-width: 767px){.kadence-column1424_f1299b-a8 > .kt-inside-inner-col{flex-direction:column;justify-content:center;}}<\/style>\n<div class=\"wp-block-kadence-column kadence-column1424_f1299b-a8 inner-column-1\"><div class=\"kt-inside-inner-col\"><style>.kb-row-layout-id1424_192f27-a1 > .kt-row-column-wrap{align-content:center;}:where(.kb-row-layout-id1424_192f27-a1 > .kt-row-column-wrap) > .wp-block-kadence-column{justify-content:center;}.kb-row-layout-id1424_192f27-a1 > .kt-row-column-wrap{column-gap:var(--global-kb-gap-none, 0rem );row-gap:var(--global-kb-gap-none, 0rem );max-width:1242px;margin-left:auto;margin-right:auto;padding-top:0px;padding-right:0px;padding-bottom:0px;padding-left:0px;grid-template-columns:repeat(2, minmax(0, 1fr));}.kb-row-layout-id1424_192f27-a1 > .kt-row-layout-overlay{opacity:0.30;}@media all and (max-width: 1024px){.kb-row-layout-id1424_192f27-a1 > .kt-row-column-wrap{grid-template-columns:minmax(0, 1fr);}}@media all and (max-width: 767px){.kb-row-layout-id1424_192f27-a1 > .kt-row-column-wrap{grid-template-columns:minmax(0, 1fr);}}<\/style><div class=\"kb-row-layout-wrap kb-row-layout-id1424_192f27-a1 alignnone wp-block-kadence-rowlayout\"><div class=\"kt-row-column-wrap kt-has-2-columns kt-row-layout-equal kt-tab-layout-row kt-mobile-layout-row kt-row-valign-middle\">\n<style>.kadence-column1424_e7f747-07 > .kt-inside-inner-col{padding-top:60px;padding-right:60px;padding-bottom:60px;padding-left:60px;}.kadence-column1424_e7f747-07 > .kt-inside-inner-col,.kadence-column1424_e7f747-07 > .kt-inside-inner-col:before{border-top-left-radius:0px;border-top-right-radius:0px;border-bottom-right-radius:0px;border-bottom-left-radius:0px;}.kadence-column1424_e7f747-07 > .kt-inside-inner-col{column-gap:var(--global-kb-gap-sm, 1rem);}.kadence-column1424_e7f747-07 > .kt-inside-inner-col{flex-direction:column;}.kadence-column1424_e7f747-07 > .kt-inside-inner-col > .aligncenter{width:100%;}.kadence-column1424_e7f747-07 > .kt-inside-inner-col:before{opacity:0.3;}.kadence-column1424_e7f747-07{position:relative;}.kadence-column1424_e7f747-07, .kt-inside-inner-col > .kadence-column1424_e7f747-07:not(.specificity){margin-top:0px;margin-right:0px;margin-bottom:0px;margin-left:0px;}@media all and (max-width: 1024px){.kadence-column1424_e7f747-07 > .kt-inside-inner-col{flex-direction:column;justify-content:center;}}@media all and (max-width: 767px){.kadence-column1424_e7f747-07 > .kt-inside-inner-col{padding-top:30px;padding-right:0px;padding-bottom:0px;padding-left:0px;flex-direction:column;justify-content:center;}.kadence-column1424_e7f747-07, .kt-inside-inner-col > .kadence-column1424_e7f747-07:not(.specificity){margin-top:0px;margin-right:0px;margin-bottom:0px;margin-left:0px;}}<\/style>\n<div class=\"wp-block-kadence-column kadence-column1424_e7f747-07 inner-column-2\"><div class=\"kt-inside-inner-col\"><style>.wp-block-kadence-advancedheading.kt-adv-heading1424_81128d-2c, .wp-block-kadence-advancedheading.kt-adv-heading1424_81128d-2c[data-kb-block=\"kb-adv-heading1424_81128d-2c\"]{margin-top:0px;margin-right:0px;margin-bottom:50px;margin-left:0px;font-size:60px;line-height:60px;font-weight:600;font-style:normal;}.wp-block-kadence-advancedheading.kt-adv-heading1424_81128d-2c mark.kt-highlight, .wp-block-kadence-advancedheading.kt-adv-heading1424_81128d-2c[data-kb-block=\"kb-adv-heading1424_81128d-2c\"] mark.kt-highlight{font-style:normal;color:#f76a0c;-webkit-box-decoration-break:clone;box-decoration-break:clone;padding-top:0px;padding-right:0px;padding-bottom:0px;padding-left:0px;}.wp-block-kadence-advancedheading.kt-adv-heading1424_81128d-2c img.kb-inline-image, .wp-block-kadence-advancedheading.kt-adv-heading1424_81128d-2c[data-kb-block=\"kb-adv-heading1424_81128d-2c\"] img.kb-inline-image{width:150px;vertical-align:baseline;}@media all and (max-width: 1024px){.wp-block-kadence-advancedheading.kt-adv-heading1424_81128d-2c, .wp-block-kadence-advancedheading.kt-adv-heading1424_81128d-2c[data-kb-block=\"kb-adv-heading1424_81128d-2c\"]{margin-top:0px;margin-right:0px;margin-bottom:50px;margin-left:0px;}}@media all and (max-width: 767px){.wp-block-kadence-advancedheading.kt-adv-heading1424_81128d-2c, .wp-block-kadence-advancedheading.kt-adv-heading1424_81128d-2c[data-kb-block=\"kb-adv-heading1424_81128d-2c\"]{font-size:var(--global-kb-font-size-xxl, 4rem);}}<\/style>\n<h2 class=\"kt-adv-heading1424_81128d-2c wp-block-kadence-advancedheading\" data-kb-block=\"kb-adv-heading1424_81128d-2c\">Hombu Dojo<\/h2>\n\n\n<style>.wp-block-kadence-advancedheading.kt-adv-heading1424_d50676-aa, .wp-block-kadence-advancedheading.kt-adv-heading1424_d50676-aa[data-kb-block=\"kb-adv-heading1424_d50676-aa\"]{font-style:normal;}.wp-block-kadence-advancedheading.kt-adv-heading1424_d50676-aa mark.kt-highlight, .wp-block-kadence-advancedheading.kt-adv-heading1424_d50676-aa[data-kb-block=\"kb-adv-heading1424_d50676-aa\"] mark.kt-highlight{font-style:normal;color:#f76a0c;-webkit-box-decoration-break:clone;box-decoration-break:clone;padding-top:0px;padding-right:0px;padding-bottom:0px;padding-left:0px;}.wp-block-kadence-advancedheading.kt-adv-heading1424_d50676-aa img.kb-inline-image, .wp-block-kadence-advancedheading.kt-adv-heading1424_d50676-aa[data-kb-block=\"kb-adv-heading1424_d50676-aa\"] img.kb-inline-image{width:150px;vertical-align:baseline;}<\/style>\n<p class=\"kt-adv-heading1424_d50676-aa wp-block-kadence-advancedheading\" data-kb-block=\"kb-adv-heading1424_d50676-aa\">Vor 25 Jahren, im Jahr 1999, gr\u00fcndete Shihan Athula Minithanthri nach seiner Ankunft in Deutschland und der damit verbundenen Trennung von Gro\u00dfmeister Teruo Hayashi und International Hayashi-Ha Shito-Ryu Karate-Do Federation in <a href=\"https:\/\/de.wikipedia.org\/wiki\/Beilstein_(W%C3%BCrttemberg)\" target=\"_blank\" rel=\"noreferrer noopener\">Beilstein<\/a> sein eigenes Karate-Dojo \u2013 Dhammika Karate-Do. Kurz danach entstanden in Abstatt und Umgebung weitere Dojos, die unter dem Namen <a href=\"https:\/\/dhammika-karatedo.com\/de\/dhammika-ha\/\">Dhammika Karate-Do Kai Kan<\/a> zusammengefasst wurden.<\/p>\n\n\n<style>.wp-block-kadence-advancedheading.kt-adv-heading1424_771432-84, .wp-block-kadence-advancedheading.kt-adv-heading1424_771432-84[data-kb-block=\"kb-adv-heading1424_771432-84\"]{font-style:normal;}.wp-block-kadence-advancedheading.kt-adv-heading1424_771432-84 mark.kt-highlight, .wp-block-kadence-advancedheading.kt-adv-heading1424_771432-84[data-kb-block=\"kb-adv-heading1424_771432-84\"] mark.kt-highlight{font-style:normal;color:#f76a0c;-webkit-box-decoration-break:clone;box-decoration-break:clone;padding-top:0px;padding-right:0px;padding-bottom:0px;padding-left:0px;}.wp-block-kadence-advancedheading.kt-adv-heading1424_771432-84 img.kb-inline-image, .wp-block-kadence-advancedheading.kt-adv-heading1424_771432-84[data-kb-block=\"kb-adv-heading1424_771432-84\"] img.kb-inline-image{width:150px;vertical-align:baseline;}<\/style>\n<p class=\"kt-adv-heading1424_771432-84 wp-block-kadence-advancedheading\" data-kb-block=\"kb-adv-heading1424_771432-84\">Heute ist der Verband international t\u00e4tig und f\u00f6rdert das traditionelle Shito-Ryu. Das erste Dojo wurde in Beilstein gegr\u00fcndet und dient seitdem als Hombu Dojo. Bis heute unterrichtet Shihan Athula dort als Cheftrainer Karate und Kobudo.<\/p>\n<\/div><\/div>\n\n\n<style>.kadence-column1424_5a9a84-25 > .kt-inside-inner-col{padding-top:10px;padding-right:10px;padding-bottom:10px;padding-left:10px;}.kadence-column1424_5a9a84-25 > .kt-inside-inner-col,.kadence-column1424_5a9a84-25 > .kt-inside-inner-col:before{border-top-left-radius:0px;border-top-right-radius:0px;border-bottom-right-radius:0px;border-bottom-left-radius:0px;}.kadence-column1424_5a9a84-25 > .kt-inside-inner-col{column-gap:var(--global-kb-gap-sm, 1rem);}.kadence-column1424_5a9a84-25 > .kt-inside-inner-col{flex-direction:column;}.kadence-column1424_5a9a84-25 > .kt-inside-inner-col > .aligncenter{width:100%;}.kadence-column1424_5a9a84-25 > .kt-inside-inner-col:before{opacity:0.3;}.kadence-column1424_5a9a84-25{position:relative;}@media all and (max-width: 1024px){.kadence-column1424_5a9a84-25 > .kt-inside-inner-col{flex-direction:column;justify-content:center;}}@media all and (max-width: 767px){.kadence-column1424_5a9a84-25 > .kt-inside-inner-col{padding-top:10px;padding-right:10px;padding-bottom:10px;padding-left:10px;flex-direction:column;justify-content:center;}}<\/style>\n<div class=\"wp-block-kadence-column kadence-column1424_5a9a84-25 inner-column-1\"><div class=\"kt-inside-inner-col\"><style>.wp-block-kadence-advancedgallery .kb-gallery-type-grid.kb-gallery-id-1424_d58b79-d8{margin:-0px;}.kb-gallery-type-grid.kb-gallery-id-1424_d58b79-d8 .kadence-blocks-gallery-item{padding:0px;}.kb-gallery-id-1424_d58b79-d8 .kadence-blocks-gallery-item .kb-gal-image-radius, .kb-gallery-id-1424_d58b79-d8 .kb-slide-item .kb-gal-image-radius img{border-radius:3px 3px 3px 3px;;}<\/style><div class=\"kb-gallery-wrap-id-1424_d58b79-d8 alignnone wp-block-kadence-advancedgallery\"><ul class=\"kb-gallery-ul kb-gallery-non-static kb-gallery-type-grid kb-gallery-id-1424_d58b79-d8 kb-gallery-caption-style-bottom-hover kb-gallery-filter-none\" data-image-filter=\"none\" data-item-selector=\".kadence-blocks-gallery-item\" data-lightbox-caption=\"true\" data-columns-xxl=\"1\" data-columns-xl=\"1\" data-columns-md=\"1\" data-columns-sm=\"1\" data-columns-xs=\"1\" data-columns-ss=\"1\"><li class=\"kadence-blocks-gallery-item\" tabindex=\"0\"><div class=\"kadence-blocks-gallery-item-inner\"><figure class=\"kb-gallery-figure kadence-blocks-gallery-item-hide-caption\"><div class=\"kb-gal-image-radius\"><div class=\"kb-gallery-image-contain kadence-blocks-gallery-intrinsic kb-gallery-image-ratio-land32 kb-has-image-ratio-land32\" ><img loading=\"lazy\" decoding=\"async\" src=\"https:\/\/dhammika-karatedo.com\/de\/wp-content\/uploads\/sites\/2\/hombu-dojo-beilstein.webp\" width=\"800\" height=\"534\" alt=\"Hombu Dojo des JKDS\" data-full-image=\"https:\/\/dhammika-karatedo.com\/de\/wp-content\/uploads\/sites\/2\/hombu-dojo-beilstein.webp\" data-light-image=\"https:\/\/dhammika-karatedo.com\/de\/wp-content\/uploads\/sites\/2\/hombu-dojo-beilstein.webp\" data-id=\"2119\" class=\"wp-image-2119\" srcset=\"https:\/\/dhammika-karatedo.com\/de\/wp-content\/uploads\/sites\/2\/hombu-dojo-beilstein.webp 800w, https:\/\/dhammika-karatedo.com\/de\/wp-content\/uploads\/sites\/2\/hombu-dojo-beilstein-300x200.webp 300w, https:\/\/dhammika-karatedo.com\/de\/wp-content\/uploads\/sites\/2\/hombu-dojo-beilstein-768x513.webp 768w\" sizes=\"auto, (max-width: 800px) 100vw, 800px\" \/><\/div><\/div><\/figure><\/div><\/li><\/ul><\/div><\/div><\/div>\n\n<\/div><\/div>\n\n<style>.wp-block-kadence-spacer.kt-block-spacer-1424_5ed2d2-26 .kt-block-spacer{height:90px;}.wp-block-kadence-spacer.kt-block-spacer-1424_5ed2d2-26 .kt-divider{border-top-width:1px;height:1px;border-top-color:#eee;width:80%;border-top-style:solid;}<\/style>\n<div class=\"wp-block-kadence-spacer aligncenter kt-block-spacer-1424_5ed2d2-26\"><div class=\"kt-block-spacer kt-block-spacer-halign-center\"><\/div><\/div>\n<\/div><\/div>\n\n<\/div><\/div>","protected":false},"excerpt":{"rendered":"<p>Hombu Dojo Vor 25 Jahren, im Jahr 1999, gr\u00fcndete Shihan Athula Minithanthri nach seiner Ankunft in Deutschland und der damit verbundenen Trennung von Gro\u00dfmeister Teruo Hayashi und International Hayashi-Ha Shito-Ryu Karate-Do Federation in Beilstein sein eigenes Karate-Dojo \u2013 Dhammika Karate-Do. Kurz danach entstanden in Abstatt und Umgebung weitere Dojos, die unter dem Namen Dhammika Karate-Do&#8230;<\/p>\n","protected":false},"author":1,"featured_media":2119,"parent":6,"menu_order":10,"comment_status":"closed","ping_status":"closed","template":"","meta":{"_themeisle_gutenberg_block_has_review":false,"_kadence_starter_templates_imported_post":false,"_kad_post_transparent":"","_kad_post_title":"default","_kad_post_layout":"fullwidth","_kad_post_sidebar_id":"","_kad_post_content_style":"unboxed","_kad_post_vertical_padding":"hide","_kad_post_feature":"hide","_kad_post_feature_position":"","_kad_post_header":false,"_kad_post_footer":false,"_kad_post_classname":"","footnotes":""},"class_list":["post-1424","page","type-page","status-publish","has-post-thumbnail","hentry"],"yoast_head":"<!-- This site is optimized with the Yoast SEO plugin v27.4 - https:\/\/yoast.com\/product\/yoast-seo-wordpress\/ -->\n<title>Hombu Dojo - JKDS<\/title>\n<meta name=\"description\" content=\"Hombu Dojo: Das Hauptquartier des Japan Karate-Do Dhammika-Ha Shitoryukai (JKDS) liegt in 71717 Beilstein, Baden-W\u00fcrttemberg.\" \/>\n<meta name=\"robots\" content=\"index, follow, max-snippet:-1, max-image-preview:large, max-video-preview:-1\" \/>\n<link rel=\"canonical\" href=\"https:\/\/dhammika-karatedo.com\/de\/dhammika-ha\/hombu-dojo\/\" \/>\n<meta property=\"og:locale\" content=\"de_DE\" \/>\n<meta property=\"og:type\" content=\"article\" \/>\n<meta property=\"og:title\" content=\"Hombu Dojo - JKDS\" \/>\n<meta property=\"og:description\" content=\"Hombu Dojo: Das Hauptquartier des Japan Karate-Do Dhammika-Ha Shitoryukai (JKDS) liegt in 71717 Beilstein, Baden-W\u00fcrttemberg.\" \/>\n<meta property=\"og:url\" content=\"https:\/\/dhammika-karatedo.com\/de\/dhammika-ha\/hombu-dojo\/\" \/>\n<meta property=\"og:site_name\" content=\"JKDS\" \/>\n<meta property=\"article:publisher\" content=\"https:\/\/www.facebook.com\/dhammikakaratedo.kaikan\" \/>\n<meta property=\"article:modified_time\" content=\"2026-02-16T07:44:23+00:00\" \/>\n<meta property=\"og:image\" content=\"https:\/\/dhammika-karatedo.com\/de\/wp-content\/uploads\/sites\/2\/hombu-dojo-beilstein.webp\" \/>\n\t<meta property=\"og:image:width\" content=\"800\" \/>\n\t<meta property=\"og:image:height\" content=\"534\" \/>\n\t<meta property=\"og:image:type\" content=\"image\/webp\" \/>\n<meta name=\"twitter:card\" content=\"summary_large_image\" \/>\n<meta name=\"twitter:label1\" content=\"Gesch\u00e4tzte Lesezeit\" \/>\n\t<meta name=\"twitter:data1\" content=\"1\u00a0Minute\" \/>\n<script type=\"application\/ld+json\" class=\"yoast-schema-graph\">{\"@context\":\"https:\\\/\\\/schema.org\",\"@graph\":[{\"@type\":\"WebPage\",\"@id\":\"https:\\\/\\\/dhammika-karatedo.com\\\/de\\\/dhammika-ha\\\/hombu-dojo\\\/\",\"url\":\"https:\\\/\\\/dhammika-karatedo.com\\\/de\\\/dhammika-ha\\\/hombu-dojo\\\/\",\"name\":\"Hombu Dojo - JKDS\",\"isPartOf\":{\"@id\":\"https:\\\/\\\/dhammika-karatedo.com\\\/de\\\/#website\"},\"primaryImageOfPage\":{\"@id\":\"https:\\\/\\\/dhammika-karatedo.com\\\/de\\\/dhammika-ha\\\/hombu-dojo\\\/#primaryimage\"},\"image\":{\"@id\":\"https:\\\/\\\/dhammika-karatedo.com\\\/de\\\/dhammika-ha\\\/hombu-dojo\\\/#primaryimage\"},\"thumbnailUrl\":\"https:\\\/\\\/dhammika-karatedo.com\\\/de\\\/wp-content\\\/uploads\\\/sites\\\/2\\\/hombu-dojo-beilstein.webp\",\"datePublished\":\"2025-10-10T17:19:38+00:00\",\"dateModified\":\"2026-02-16T07:44:23+00:00\",\"description\":\"Hombu Dojo: Das Hauptquartier des Japan Karate-Do Dhammika-Ha Shitoryukai (JKDS) liegt in 71717 Beilstein, Baden-W\u00fcrttemberg.\",\"breadcrumb\":{\"@id\":\"https:\\\/\\\/dhammika-karatedo.com\\\/de\\\/dhammika-ha\\\/hombu-dojo\\\/#breadcrumb\"},\"inLanguage\":\"de\",\"potentialAction\":[{\"@type\":\"ReadAction\",\"target\":[\"https:\\\/\\\/dhammika-karatedo.com\\\/de\\\/dhammika-ha\\\/hombu-dojo\\\/\"]}]},{\"@type\":\"ImageObject\",\"inLanguage\":\"de\",\"@id\":\"https:\\\/\\\/dhammika-karatedo.com\\\/de\\\/dhammika-ha\\\/hombu-dojo\\\/#primaryimage\",\"url\":\"https:\\\/\\\/dhammika-karatedo.com\\\/de\\\/wp-content\\\/uploads\\\/sites\\\/2\\\/hombu-dojo-beilstein.webp\",\"contentUrl\":\"https:\\\/\\\/dhammika-karatedo.com\\\/de\\\/wp-content\\\/uploads\\\/sites\\\/2\\\/hombu-dojo-beilstein.webp\",\"width\":800,\"height\":534,\"caption\":\"Hombu Dojo\"},{\"@type\":\"BreadcrumbList\",\"@id\":\"https:\\\/\\\/dhammika-karatedo.com\\\/de\\\/dhammika-ha\\\/hombu-dojo\\\/#breadcrumb\",\"itemListElement\":[{\"@type\":\"ListItem\",\"position\":1,\"name\":\"Startseite\",\"item\":\"https:\\\/\\\/dhammika-karatedo.com\\\/de\\\/\"},{\"@type\":\"ListItem\",\"position\":2,\"name\":\"Dhammika-Ha\",\"item\":\"https:\\\/\\\/dhammika-karatedo.com\\\/de\\\/dhammika-ha\\\/\"},{\"@type\":\"ListItem\",\"position\":3,\"name\":\"Hombu Dojo\"}]},{\"@type\":\"WebSite\",\"@id\":\"https:\\\/\\\/dhammika-karatedo.com\\\/de\\\/#website\",\"url\":\"https:\\\/\\\/dhammika-karatedo.com\\\/de\\\/\",\"name\":\"Japan Karate-Do Dhammika-Ha Shitoryukai\",\"description\":\"\u65e5\u672c\u7a7a\u624b\u9053\u30c0\u30df\u30ab\u6d3e\u7cf8\u6771\u6d41\u4f1a\",\"publisher\":{\"@id\":\"https:\\\/\\\/dhammika-karatedo.com\\\/de\\\/#organization\"},\"alternateName\":\"JKDS\",\"potentialAction\":[{\"@type\":\"SearchAction\",\"target\":{\"@type\":\"EntryPoint\",\"urlTemplate\":\"https:\\\/\\\/dhammika-karatedo.com\\\/de\\\/?s={search_term_string}\"},\"query-input\":{\"@type\":\"PropertyValueSpecification\",\"valueRequired\":true,\"valueName\":\"search_term_string\"}}],\"inLanguage\":\"de\"},{\"@type\":\"Organization\",\"@id\":\"https:\\\/\\\/dhammika-karatedo.com\\\/de\\\/#organization\",\"name\":\"Japan Karate-Do Dhammika-Ha Shitoryukai\",\"alternateName\":\"Dhammika-Ha Karate-Do\",\"url\":\"https:\\\/\\\/dhammika-karatedo.com\\\/de\\\/\",\"logo\":{\"@type\":\"ImageObject\",\"inLanguage\":\"de\",\"@id\":\"https:\\\/\\\/dhammika-karatedo.com\\\/de\\\/#\\\/schema\\\/logo\\\/image\\\/\",\"url\":\"https:\\\/\\\/dhammika-karatedo.com\\\/de\\\/wp-content\\\/uploads\\\/sites\\\/2\\\/logo-website.png\",\"contentUrl\":\"https:\\\/\\\/dhammika-karatedo.com\\\/de\\\/wp-content\\\/uploads\\\/sites\\\/2\\\/logo-website.png\",\"width\":200,\"height\":200,\"caption\":\"Japan Karate-Do Dhammika-Ha Shitoryukai\"},\"image\":{\"@id\":\"https:\\\/\\\/dhammika-karatedo.com\\\/de\\\/#\\\/schema\\\/logo\\\/image\\\/\"},\"sameAs\":[\"https:\\\/\\\/www.facebook.com\\\/dhammikakaratedo.kaikan\",\"https:\\\/\\\/www.instagram.com\\\/dhammika_karate\",\"https:\\\/\\\/meine.stimme.de\\\/beilstein\\\/profile-15012\\\/dhammika-karate-do-ev\"]}]}<\/script>\n<!-- \/ Yoast SEO plugin. -->","yoast_head_json":{"title":"Hombu Dojo - JKDS","description":"Hombu Dojo: Das Hauptquartier des Japan Karate-Do Dhammika-Ha Shitoryukai (JKDS) liegt in 71717 Beilstein, Baden-W\u00fcrttemberg.","robots":{"index":"index","follow":"follow","max-snippet":"max-snippet:-1","max-image-preview":"max-image-preview:large","max-video-preview":"max-video-preview:-1"},"canonical":"https:\/\/dhammika-karatedo.com\/de\/dhammika-ha\/hombu-dojo\/","og_locale":"de_DE","og_type":"article","og_title":"Hombu Dojo - JKDS","og_description":"Hombu Dojo: Das Hauptquartier des Japan Karate-Do Dhammika-Ha Shitoryukai (JKDS) liegt in 71717 Beilstein, Baden-W\u00fcrttemberg.","og_url":"https:\/\/dhammika-karatedo.com\/de\/dhammika-ha\/hombu-dojo\/","og_site_name":"JKDS","article_publisher":"https:\/\/www.facebook.com\/dhammikakaratedo.kaikan","article_modified_time":"2026-02-16T07:44:23+00:00","og_image":[{"width":800,"height":534,"url":"https:\/\/dhammika-karatedo.com\/de\/wp-content\/uploads\/sites\/2\/hombu-dojo-beilstein.webp","type":"image\/webp"}],"twitter_card":"summary_large_image","twitter_misc":{"Gesch\u00e4tzte Lesezeit":"1\u00a0Minute"},"schema":{"@context":"https:\/\/schema.org","@graph":[{"@type":"WebPage","@id":"https:\/\/dhammika-karatedo.com\/de\/dhammika-ha\/hombu-dojo\/","url":"https:\/\/dhammika-karatedo.com\/de\/dhammika-ha\/hombu-dojo\/","name":"Hombu Dojo - JKDS","isPartOf":{"@id":"https:\/\/dhammika-karatedo.com\/de\/#website"},"primaryImageOfPage":{"@id":"https:\/\/dhammika-karatedo.com\/de\/dhammika-ha\/hombu-dojo\/#primaryimage"},"image":{"@id":"https:\/\/dhammika-karatedo.com\/de\/dhammika-ha\/hombu-dojo\/#primaryimage"},"thumbnailUrl":"https:\/\/dhammika-karatedo.com\/de\/wp-content\/uploads\/sites\/2\/hombu-dojo-beilstein.webp","datePublished":"2025-10-10T17:19:38+00:00","dateModified":"2026-02-16T07:44:23+00:00","description":"Hombu Dojo: Das Hauptquartier des Japan Karate-Do Dhammika-Ha Shitoryukai (JKDS) liegt in 71717 Beilstein, Baden-W\u00fcrttemberg.","breadcrumb":{"@id":"https:\/\/dhammika-karatedo.com\/de\/dhammika-ha\/hombu-dojo\/#breadcrumb"},"inLanguage":"de","potentialAction":[{"@type":"ReadAction","target":["https:\/\/dhammika-karatedo.com\/de\/dhammika-ha\/hombu-dojo\/"]}]},{"@type":"ImageObject","inLanguage":"de","@id":"https:\/\/dhammika-karatedo.com\/de\/dhammika-ha\/hombu-dojo\/#primaryimage","url":"https:\/\/dhammika-karatedo.com\/de\/wp-content\/uploads\/sites\/2\/hombu-dojo-beilstein.webp","contentUrl":"https:\/\/dhammika-karatedo.com\/de\/wp-content\/uploads\/sites\/2\/hombu-dojo-beilstein.webp","width":800,"height":534,"caption":"Hombu Dojo"},{"@type":"BreadcrumbList","@id":"https:\/\/dhammika-karatedo.com\/de\/dhammika-ha\/hombu-dojo\/#breadcrumb","itemListElement":[{"@type":"ListItem","position":1,"name":"Startseite","item":"https:\/\/dhammika-karatedo.com\/de\/"},{"@type":"ListItem","position":2,"name":"Dhammika-Ha","item":"https:\/\/dhammika-karatedo.com\/de\/dhammika-ha\/"},{"@type":"ListItem","position":3,"name":"Hombu Dojo"}]},{"@type":"WebSite","@id":"https:\/\/dhammika-karatedo.com\/de\/#website","url":"https:\/\/dhammika-karatedo.com\/de\/","name":"Japan Karate-Do Dhammika-Ha Shitoryukai","description":"\u65e5\u672c\u7a7a\u624b\u9053\u30c0\u30df\u30ab\u6d3e\u7cf8\u6771\u6d41\u4f1a","publisher":{"@id":"https:\/\/dhammika-karatedo.com\/de\/#organization"},"alternateName":"JKDS","potentialAction":[{"@type":"SearchAction","target":{"@type":"EntryPoint","urlTemplate":"https:\/\/dhammika-karatedo.com\/de\/?s={search_term_string}"},"query-input":{"@type":"PropertyValueSpecification","valueRequired":true,"valueName":"search_term_string"}}],"inLanguage":"de"},{"@type":"Organization","@id":"https:\/\/dhammika-karatedo.com\/de\/#organization","name":"Japan Karate-Do Dhammika-Ha Shitoryukai","alternateName":"Dhammika-Ha Karate-Do","url":"https:\/\/dhammika-karatedo.com\/de\/","logo":{"@type":"ImageObject","inLanguage":"de","@id":"https:\/\/dhammika-karatedo.com\/de\/#\/schema\/logo\/image\/","url":"https:\/\/dhammika-karatedo.com\/de\/wp-content\/uploads\/sites\/2\/logo-website.png","contentUrl":"https:\/\/dhammika-karatedo.com\/de\/wp-content\/uploads\/sites\/2\/logo-website.png","width":200,"height":200,"caption":"Japan Karate-Do Dhammika-Ha Shitoryukai"},"image":{"@id":"https:\/\/dhammika-karatedo.com\/de\/#\/schema\/logo\/image\/"},"sameAs":["https:\/\/www.facebook.com\/dhammikakaratedo.kaikan","https:\/\/www.instagram.com\/dhammika_karate","https:\/\/meine.stimme.de\/beilstein\/profile-15012\/dhammika-karate-do-ev"]}]}},"_links":{"self":[{"href":"https:\/\/dhammika-karatedo.com\/de\/wp-json\/wp\/v2\/pages\/1424","targetHints":{"allow":["GET"]}}],"collection":[{"href":"https:\/\/dhammika-karatedo.com\/de\/wp-json\/wp\/v2\/pages"}],"about":[{"href":"https:\/\/dhammika-karatedo.com\/de\/wp-json\/wp\/v2\/types\/page"}],"author":[{"embeddable":true,"href":"https:\/\/dhammika-karatedo.com\/de\/wp-json\/wp\/v2\/users\/1"}],"replies":[{"embeddable":true,"href":"https:\/\/dhammika-karatedo.com\/de\/wp-json\/wp\/v2\/comments?post=1424"}],"version-history":[{"count":6,"href":"https:\/\/dhammika-karatedo.com\/de\/wp-json\/wp\/v2\/pages\/1424\/revisions"}],"predecessor-version":[{"id":2839,"href":"https:\/\/dhammika-karatedo.com\/de\/wp-json\/wp\/v2\/pages\/1424\/revisions\/2839"}],"up":[{"embeddable":true,"href":"https:\/\/dhammika-karatedo.com\/de\/wp-json\/wp\/v2\/pages\/6"}],"wp:featuredmedia":[{"embeddable":true,"href":"https:\/\/dhammika-karatedo.com\/de\/wp-json\/wp\/v2\/media\/2119"}],"wp:attachment":[{"href":"https:\/\/dhammika-karatedo.com\/de\/wp-json\/wp\/v2\/media?parent=1424"}],"curies":[{"name":"wp","href":"https:\/\/api.w.org\/{rel}","templated":true}]}}